{"id":9123,"date":"2022-11-03T20:37:53","date_gmt":"2022-11-04T01:37:53","guid":{"rendered":"https:\/\/selvaplant.com\/?page_id=9123"},"modified":"2022-11-03T20:51:21","modified_gmt":"2022-11-04T01:51:21","slug":"masajes-integrales","status":"publish","type":"page","link":"https:\/\/selvaplant.com\/index.php\/masajes-integrales\/","title":{"rendered":"Masajes Integrales"},"content":{"rendered":"\t\t<div data-elementor-type=\"wp-page\" data-elementor-id=\"9123\" class=\"elementor elementor-9123\">\n\t\t\t\t\t\t<section class=\"wd-negative-gap elementor-section elementor-top-section elementor-element elementor-element-3c548bca elementor-reverse-tablet elementor-reverse-mobile elementor-section-boxed elementor-section-height-default elementor-section-height-default wd-section-disabled\" data-id=\"3c548bca\" data-element_type=\"section\">\n\t\t\t\t\t\t<div class=\"elementor-container elementor-column-gap-default\">\n\t\t\t\t\t<div class=\"elementor-column elementor-col-50 elementor-top-column elementor-element elementor-element-1d354ed7\" data-id=\"1d354ed7\" data-element_type=\"column\">\n\t\t\t<div class=\"elementor-widget-wrap elementor-element-populated\">\n\t\t\t\t\t\t<div class=\"elementor-element elementor-element-3b8f1c6 elementor-widget elementor-widget-wd_image_or_svg\" data-id=\"3b8f1c6\" data-element_type=\"widget\" data-widget_type=\"wd_image_or_svg.default\">\n\t\t\t\t<div class=\"elementor-widget-container\">\n\t\t\t\n\t\t<div class=\"wd-image text-left\">\n\t\t\t\t\t\t\t\t<img fetchpriority=\"high\" decoding=\"async\" width=\"1500\" height=\"1000\" src=\"https:\/\/selvaplant.com\/wp-content\/themes\/selvaplant\/images\/lazy.png\" class=\"attachment-full size-full wp-image-8902 wd-lazy-load wd-lazy-fade\" alt=\"\" srcset=\"\" sizes=\"(max-width: 1500px) 100vw, 1500px\" data-wood-src=\"https:\/\/selvaplant.com\/wp-content\/uploads\/2021\/10\/Slider-masajes-integrales.jpg\" data-srcset=\"https:\/\/selvaplant.com\/wp-content\/uploads\/2021\/10\/Slider-masajes-integrales.jpg 1500w, https:\/\/selvaplant.com\/wp-content\/uploads\/2021\/10\/Slider-masajes-integrales-400x267.jpg 400w, https:\/\/selvaplant.com\/wp-content\/uploads\/2021\/10\/Slider-masajes-integrales-1200x800.jpg 1200w, https:\/\/selvaplant.com\/wp-content\/uploads\/2021\/10\/Slider-masajes-integrales-768x512.jpg 768w, https:\/\/selvaplant.com\/wp-content\/uploads\/2021\/10\/Slider-masajes-integrales-860x573.jpg 860w, https:\/\/selvaplant.com\/wp-content\/uploads\/2021\/10\/Slider-masajes-integrales-430x287.jpg 430w, https:\/\/selvaplant.com\/wp-content\/uploads\/2021\/10\/Slider-masajes-integrales-700x467.jpg 700w, https:\/\/selvaplant.com\/wp-content\/uploads\/2021\/10\/Slider-masajes-integrales-150x100.jpg 150w\" \/>\t\t\t\t\t<\/div>\n\n\t\t\t\t<\/div>\n\t\t\t\t<\/div>\n\t\t\t\t\t<\/div>\n\t\t<\/div>\n\t\t\t\t<div class=\"elementor-column elementor-col-50 elementor-top-column elementor-element elementor-element-7a9daa7\" data-id=\"7a9daa7\" data-element_type=\"column\">\n\t\t\t<div class=\"elementor-widget-wrap elementor-element-populated\">\n\t\t\t\t\t\t<div class=\"elementor-element elementor-element-18566191 elementor-widget elementor-widget-wd_title\" data-id=\"18566191\" data-element_type=\"widget\" data-widget_type=\"wd_title.default\">\n\t\t\t\t<div class=\"elementor-widget-container\">\n\t\t\t\t\t<div class=\"title-wrapper set-mb-s reset-last-child wd-title-color-primary wd-title-style-default wd-title-size-large text-left\">\n\n\t\t\t\n\t\t\t<div class=\"liner-continer\">\n\t\t\t\t<h4 class=\"woodmart-title-container title wd-fontsize-xxl\">Masajes Integrales<\/h4> \n\t\t\t\t\t\t\t<\/div>\n\n\t\t\t\t\t<\/div>\n\t\t\t\t<\/div>\n\t\t\t\t<\/div>\n\t\t\t\t<div class=\"elementor-element elementor-element-cf34ae6 elementor-widget elementor-widget-wd_text_block\" data-id=\"cf34ae6\" data-element_type=\"widget\" data-widget_type=\"wd_text_block.default\">\n\t\t\t\t<div class=\"elementor-widget-container\">\n\t\t\t\t\t<div class=\"wd-text-block reset-last-child text-left\">\n\t\t\t\n\t\t\t<p>El masaje relajante integral nos ayuda a aliviar la tensi\u00f3n y conseguir un estado mental de relajaci\u00f3n. Los beneficios se experimentan tanto a nivel f\u00edsico como emocional, ofreciendo un estado profundo de relajaci\u00f3n y bienestar. Para ello, trabajamos el cuerpo a trav\u00e9s de un conjunto de manipulaciones que nos ayuda a obtener el efecto que buscamos sobre el cuerpo. Este tipo de masaje es un aut\u00e9ntico regalo, una explosi\u00f3n de bienestar y un reflejo de autocuidado.<\/p>\n\t\t\t\t\t<\/div>\n\t\t\t\t<\/div>\n\t\t\t\t<\/div>\n\t\t\t\t\t<\/div>\n\t\t<\/div>\n\t\t\t\t\t<\/div>\n\t\t<\/section>\n\t\t\t\t<section class=\"wd-negative-gap elementor-section elementor-top-section elementor-element elementor-element-6e29a5b elementor-section-boxed elementor-section-height-default elementor-section-height-default wd-section-disabled\" data-id=\"6e29a5b\" data-element_type=\"section\">\n\t\t\t\t\t\t<div class=\"elementor-container elementor-column-gap-default\">\n\t\t\t\t\t<div class=\"elementor-column elementor-col-100 elementor-top-column elementor-element elementor-element-aaf8e5a\" data-id=\"aaf8e5a\" data-element_type=\"column\">\n\t\t\t<div class=\"elementor-widget-wrap elementor-element-populated\">\n\t\t\t\t\t\t<div class=\"elementor-element elementor-element-466aa85 elementor-widget elementor-widget-wd_text_block\" data-id=\"466aa85\" data-element_type=\"widget\" data-widget_type=\"wd_text_block.default\">\n\t\t\t\t<div class=\"elementor-widget-container\">\n\t\t\t\t\t<div class=\"wd-text-block reset-last-child text-left\">\n\t\t\t\n\t\t\t<p>En\u00a0<b>Selva Plant<\/b>\u00a0trabajamos la t\u00e9cnica del masaje con fines relajantes y\/o est\u00e9ticos seg\u00fan las necesidades de cada cliente. Los masajes relajantes los aplicamos con el objetivos de activar y regenerar el organismo para que libere endorfinas, lo cual favorece la sensaci\u00f3n de confort y nos ayuda a regular la tensi\u00f3n, adem\u00e1s de ayudar a descansar mejor. Los masajes con fines est\u00e9ticos se aplican para mejorar el estado de la piel, para combatir la celulitis, para reactivar la circulaci\u00f3n sangu\u00ednea, para ayudar a la retenci\u00f3n de l\u00edquidos y para tonificar el tejido epitelial, entre otros.<\/p><h2>Ventajas<\/h2><ol><li>Experimentar\u00e1s m\u00faltiples beneficios a nivel f\u00edsico, mental y emocional.<\/li><li>Los masajes aumentan las defensas naturales, reducen el estr\u00e9s y permiten liberar las tensiones acumuladas.<\/li><li>Ayuda a la eliminaci\u00f3n de toxinas y c\u00e9lulas muertas y mejora el sistema nervioso.<\/li><li>Es tiempo para ti. Incluir en tu cuidado personal un masaje supone mejorar tu estado de salud y de bienestar y reservar un hueco para ti.<\/li><li>En Essential Loft cuidamos hasta el m\u00e1s m\u00ednimo detalle porque sabemos que influir\u00e1 en tu sesi\u00f3n de masaje.<\/li><\/ol><h2>A tener en cuenta<\/h2><p>El masaje se recomienda no realizarlo en casos de enfermedad infecciosa aguda, hipertensi\u00f3n, c\u00e1ncer en proceso de met\u00e1stasis, c\u00e1ncer linf\u00e1tico, ni en casos de hongos o enfermedades de la piel que puedan ser contagiosas.<\/p><p>En el caso de mujeres embarazadas, te recomendamos que lo consultes con tu m\u00e9dico y que, en cualquier caso, el masaje lo recibas a partir de los 3 meses de embarazo.<\/p><p>En el caso de personas mayores, no es recomendable masajes que superen los 45 minutos de duraci\u00f3n y siempre con t\u00e9cnica suave.<\/p><p>Si tienes alguna alergia, com\u00e9ntalo con el profesional para que se asegura que el producto o aceite esencial que emplea es el apropiado para ti.<\/p>\n\t\t\t\t\t<\/div>\n\t\t\t\t<\/div>\n\t\t\t\t<\/div>\n\t\t\t\t\t<\/div>\n\t\t<\/div>\n\t\t\t\t\t<\/div>\n\t\t<\/section>\n\t\t\t\t<\/div>\n\t\t","protected":false},"excerpt":{"rendered":"<p>Masajes Integrales El masaje relajante integral nos ayuda a aliviar la tensi\u00f3n y conseguir un estado mental de relajaci\u00f3n. Los<\/p>\n","protected":false},"author":1,"featured_media":0,"parent":0,"menu_order":0,"comment_status":"closed","ping_status":"closed","template":"","meta":{"footnotes":""},"class_list":["post-9123","page","type-page","status-publish","hentry"],"_links":{"self":[{"href":"https:\/\/selvaplant.com\/index.php\/wp-json\/wp\/v2\/pages\/9123","targetHints":{"allow":["GET"]}}],"collection":[{"href":"https:\/\/selvaplant.com\/index.php\/wp-json\/wp\/v2\/pages"}],"about":[{"href":"https:\/\/selvaplant.com\/index.php\/wp-json\/wp\/v2\/types\/page"}],"author":[{"embeddable":true,"href":"https:\/\/selvaplant.com\/index.php\/wp-json\/wp\/v2\/users\/1"}],"replies":[{"embeddable":true,"href":"https:\/\/selvaplant.com\/index.php\/wp-json\/wp\/v2\/comments?post=9123"}],"version-history":[{"count":13,"href":"https:\/\/selvaplant.com\/index.php\/wp-json\/wp\/v2\/pages\/9123\/revisions"}],"predecessor-version":[{"id":9139,"href":"https:\/\/selvaplant.com\/index.php\/wp-json\/wp\/v2\/pages\/9123\/revisions\/9139"}],"wp:attachment":[{"href":"https:\/\/selvaplant.com\/index.php\/wp-json\/wp\/v2\/media?parent=9123"}],"curies":[{"name":"wp","href":"https:\/\/api.w.org\/{rel}","templated":true}]}}