{"id":9081,"date":"2022-11-03T20:12:57","date_gmt":"2022-11-04T01:12:57","guid":{"rendered":"https:\/\/selvaplant.com\/?page_id=9081"},"modified":"2022-11-03T20:26:13","modified_gmt":"2022-11-04T01:26:13","slug":"bano-de-sales-y-minerales","status":"publish","type":"page","link":"https:\/\/selvaplant.com\/index.php\/bano-de-sales-y-minerales\/","title":{"rendered":"Ba\u00f1o de Sales y Minerales"},"content":{"rendered":"\t\t<div data-elementor-type=\"wp-page\" data-elementor-id=\"9081\" class=\"elementor elementor-9081\">\n\t\t\t\t\t\t<section class=\"wd-negative-gap elementor-section elementor-top-section elementor-element elementor-element-3c548bca elementor-reverse-tablet elementor-reverse-mobile elementor-section-boxed elementor-section-height-default elementor-section-height-default wd-section-disabled\" data-id=\"3c548bca\" data-element_type=\"section\">\n\t\t\t\t\t\t<div class=\"elementor-container elementor-column-gap-default\">\n\t\t\t\t\t<div class=\"elementor-column elementor-col-50 elementor-top-column elementor-element elementor-element-1d354ed7\" data-id=\"1d354ed7\" data-element_type=\"column\">\n\t\t\t<div class=\"elementor-widget-wrap elementor-element-populated\">\n\t\t\t\t\t\t<div class=\"elementor-element elementor-element-3b8f1c6 elementor-widget elementor-widget-wd_image_or_svg\" data-id=\"3b8f1c6\" data-element_type=\"widget\" data-widget_type=\"wd_image_or_svg.default\">\n\t\t\t\t<div class=\"elementor-widget-container\">\n\t\t\t\n\t\t<div class=\"wd-image text-left\">\n\t\t\t\t\t\t\t\t<img fetchpriority=\"high\" decoding=\"async\" width=\"1200\" height=\"800\" src=\"https:\/\/selvaplant.com\/wp-content\/themes\/selvaplant\/images\/lazy.png\" class=\"attachment-full size-full wp-image-8855 wd-lazy-load wd-lazy-fade\" alt=\"\" srcset=\"\" sizes=\"(max-width: 1200px) 100vw, 1200px\" data-wood-src=\"https:\/\/selvaplant.com\/wp-content\/uploads\/2022\/11\/Slider-bano-sales-y-minerales-scaled-e1667327656239.jpg\" data-srcset=\"https:\/\/selvaplant.com\/wp-content\/uploads\/2022\/11\/Slider-bano-sales-y-minerales-scaled-e1667327656239.jpg 1200w, https:\/\/selvaplant.com\/wp-content\/uploads\/2022\/11\/Slider-bano-sales-y-minerales-scaled-e1667327656239-400x267.jpg 400w, https:\/\/selvaplant.com\/wp-content\/uploads\/2022\/11\/Slider-bano-sales-y-minerales-scaled-e1667327656239-768x512.jpg 768w, https:\/\/selvaplant.com\/wp-content\/uploads\/2022\/11\/Slider-bano-sales-y-minerales-scaled-e1667327656239-860x573.jpg 860w, https:\/\/selvaplant.com\/wp-content\/uploads\/2022\/11\/Slider-bano-sales-y-minerales-scaled-e1667327656239-430x287.jpg 430w, https:\/\/selvaplant.com\/wp-content\/uploads\/2022\/11\/Slider-bano-sales-y-minerales-scaled-e1667327656239-700x467.jpg 700w, https:\/\/selvaplant.com\/wp-content\/uploads\/2022\/11\/Slider-bano-sales-y-minerales-scaled-e1667327656239-150x100.jpg 150w\" \/>\t\t\t\t\t<\/div>\n\n\t\t\t\t<\/div>\n\t\t\t\t<\/div>\n\t\t\t\t\t<\/div>\n\t\t<\/div>\n\t\t\t\t<div class=\"elementor-column elementor-col-50 elementor-top-column elementor-element elementor-element-7a9daa7\" data-id=\"7a9daa7\" data-element_type=\"column\">\n\t\t\t<div class=\"elementor-widget-wrap elementor-element-populated\">\n\t\t\t\t\t\t<div class=\"elementor-element elementor-element-18566191 elementor-widget elementor-widget-wd_title\" data-id=\"18566191\" data-element_type=\"widget\" data-widget_type=\"wd_title.default\">\n\t\t\t\t<div class=\"elementor-widget-container\">\n\t\t\t\t\t<div class=\"title-wrapper set-mb-s reset-last-child wd-title-color-primary wd-title-style-default wd-title-size-large text-left\">\n\n\t\t\t\n\t\t\t<div class=\"liner-continer\">\n\t\t\t\t<h4 class=\"woodmart-title-container title wd-fontsize-xxl\">Ba\u00f1o de Sales y Minerales<\/h4> \n\t\t\t\t\t\t\t<\/div>\n\n\t\t\t\t\t<\/div>\n\t\t\t\t<\/div>\n\t\t\t\t<\/div>\n\t\t\t\t<div class=\"elementor-element elementor-element-cf34ae6 elementor-widget elementor-widget-wd_text_block\" data-id=\"cf34ae6\" data-element_type=\"widget\" data-widget_type=\"wd_text_block.default\">\n\t\t\t\t<div class=\"elementor-widget-container\">\n\t\t\t\t\t<div class=\"wd-text-block reset-last-child text-left\">\n\t\t\t\n\t\t\t<p>Las sales de ba\u00f1o son substancias inorg\u00e1nicas solubles que suelen a\u00f1adirse al agua del ba\u00f1o. Su nombre proviene de su parecido con los cristales de sal com\u00fan, pero no tienen la misma composici\u00f3n qu\u00edmica.<\/p>\n\t\t\t\t\t<\/div>\n\t\t\t\t<\/div>\n\t\t\t\t<\/div>\n\t\t\t\t\t<\/div>\n\t\t<\/div>\n\t\t\t\t\t<\/div>\n\t\t<\/section>\n\t\t\t\t<section class=\"wd-negative-gap elementor-section elementor-top-section elementor-element elementor-element-6e29a5b elementor-section-boxed elementor-section-height-default elementor-section-height-default wd-section-disabled\" data-id=\"6e29a5b\" data-element_type=\"section\">\n\t\t\t\t\t\t<div class=\"elementor-container elementor-column-gap-default\">\n\t\t\t\t\t<div class=\"elementor-column elementor-col-100 elementor-top-column elementor-element elementor-element-aaf8e5a\" data-id=\"aaf8e5a\" data-element_type=\"column\">\n\t\t\t<div class=\"elementor-widget-wrap elementor-element-populated\">\n\t\t\t\t\t\t<div class=\"elementor-element elementor-element-466aa85 elementor-widget elementor-widget-wd_text_block\" data-id=\"466aa85\" data-element_type=\"widget\" data-widget_type=\"wd_text_block.default\">\n\t\t\t\t<div class=\"elementor-widget-container\">\n\t\t\t\t\t<div class=\"wd-text-block reset-last-child text-left\">\n\t\t\t\n\t\t\t<div class=\"elementor-element elementor-element-14d69b41 elementor-widget elementor-widget-heading\" data-id=\"14d69b41\" data-element_type=\"widget\" data-widget_type=\"heading.default\"><div class=\"elementor-widget-container\"><p>Generalmente se dividen en dos clases, las sales marinas y las sales de roca. La sal marina surge de la evaporaci\u00f3n resultantes de los efectos de la incidencia del sol y el viento, por otra parte, la sal de roca se encuentra bajo tierra. Pero en realidad existen muchas clasificaciones para las sales de ba\u00f1o dependiendo del efecto que generan que va desde el m\u00e1s estimulante al m\u00e1s calmante.<\/p><h2 class=\"elementor-heading-title elementor-size-default\">\u00bfPara qu\u00e9 sirven los ba\u00f1os de sales y minerales?<\/h2><\/div><\/div><div class=\"elementor-element elementor-element-3f675f4 elementor-widget elementor-widget-text-editor\" data-id=\"3f675f4\" data-element_type=\"widget\" data-widget_type=\"text-editor.default\"><div class=\"elementor-widget-container\"><p>Qui\u00e9n no consiga relajarse es porque no ha probado a darse un buen ba\u00f1o. Ya de por s\u00ed los ba\u00f1os generan una\u00a0<strong>sensaci\u00f3n agradable de<\/strong>\u00a0<b>paz y tranquilidad<\/b>. Es perfecto si llegamos cansados de nuestras fren\u00e9ticas rutinas diarias, nos alivia esa fatiga y tensi\u00f3n acumulada de un plumazo. Adem\u00e1s, es una excusa genial para\u00a0<strong>dedicarnos un rato a nosotros mismos<\/strong>\u00a0y para escuchar a nuestro cuerpo, algo altamente necesario y que en ocasiones olvidamos. Por lo tanto, si un ba\u00f1o por s\u00ed mismo ya nos sienta bien imaginad si introducimos en el agua nuestras\u00a0sales de ba\u00f1o\u00a0favoritas. Como te imaginar\u00e1s, los beneficios de los ba\u00f1os de sal son m\u00faltiples, pero,\u00a0<b>\u00bfpara qu\u00e9 sirven las sales de ba\u00f1o?<\/b><\/p><p>Desde el antigua Grecia se conocen los\u00a0<strong>beneficios que las sales de ba\u00f1o tienen para nuestra salud<\/strong>. En aquella \u00e9poca las empleaban ya para combatir dolencias musculares y \u00f3seas por estar compuestas de minerales como calcio, magnesio, potasio, bromo, sodio, hierro, zinc y cobre, entre otros. Estos minerales ayudan al equilibrio linf\u00e1tico, la retenci\u00f3n de l\u00edquidos, prevenci\u00f3n de la osteoporosis, alivio de la tensi\u00f3n muscular y arterial, entre otros efectos.<\/p><p>Pero principalmente tiene\u00a0<strong>grandes resultados en nuestra piel<\/strong>\u00a0ya que la mantiene\u00a0<b>hidratada, nutrida y cuidada<\/b>. La piel es la parte de nuestro cuerpo m\u00e1s expuesta a agentes externos que tienden a maltratarla por lo que las sales de ba\u00f1o pueden ser sus perfectas aliadas.<\/p><div class=\"elementor-element elementor-element-64a272f elementor-widget elementor-widget-heading\" data-id=\"64a272f\" data-element_type=\"widget\" data-widget_type=\"heading.default\"><div class=\"elementor-widget-container\"><h2 class=\"elementor-heading-title elementor-size-default\">\u00bfC\u00f3mo usar los ba\u00f1os de sales y minerales?<\/h2><\/div><\/div><div class=\"elementor-element elementor-element-25488d1c elementor-widget elementor-widget-text-editor\" data-id=\"25488d1c\" data-element_type=\"widget\" data-widget_type=\"text-editor.default\"><div class=\"elementor-widget-container\"><p>Ahora que ya sabes qu\u00e9 son,\u00a0<b>para qu\u00e9 sirven las sales de ba\u00f1o<\/b>\u00a0y todo lo que pueden hacer por ti, \u00bfa qu\u00e9 esperas para llenar la ba\u00f1era?<span class=\"Apple-converted-space\">\u00a0<\/span><\/p><p>Bueno, s\u00ed, quiz\u00e1s necesitas saber c\u00f3mo usar las\u00a0sales de ba\u00f1o\u00a0correctamente y los pasos que hay que seguir para\u00a0<strong>conseguir el ba\u00f1o ideal<\/strong>\u00a0usando este maravilloso producto. Tranquilo, no te hacemos esperar m\u00e1s, te los contamos.<\/p><ul><li>En primer lugar, lo que debes hacer es\u00a0<b>llenar la ba\u00f1era de agua<\/b>\u00a0eligiendo una temperatura \u00f3ptima. Lo ideal ser\u00eda un ba\u00f1o caliente que ronde\u00a0<b>entre los 30 grados cent\u00edgrados y los 37<\/b>. Se trata de la temperatura a la que suele estar el cuerpo humano y aparte de ser agradable lo que ayuda es a la\u00a0<strong>disoluci\u00f3n de las sales de ba\u00f1o<\/strong>.<\/li><li>A la hora de saber c\u00f3mo usar las sales de ba\u00f1o, el segundo paso es el\u00a0<strong>m\u00e1s relevante<\/strong>. Llega el momento de echar esta maravillosa substancia en el agua. Un<b>\u00a0par de pu\u00f1ados<\/b>\u00a0<strong>ser\u00eda la cantidad ideal<\/strong>, aunque siempre hay que considerar el tama\u00f1o de la ba\u00f1era para determinar el n\u00famero exacto de pu\u00f1ados de sales a abocar.<\/li><li>Una vez decidido lo anterior ya puedes meterte en el agua para disfrutar de tu ba\u00f1o. Para que las sales hagan su trabajo deber\u00e1s estar\u00a0<b>sumergida un m\u00ednimo de 10 minutos<\/b>. Este margen de tiempo es necesario si lo que esperas son resultados eficientes, ya que es el margen de tiempo en el que el calor ha logrado abrir los poros y as\u00ed que puedan desintoxicar nuestro cuerpo adem\u00e1s de asimilar los minerales y oligoelementos que conforman las sales.<\/li><li>Sin duda esta experiencia con\u00a0sales de ba\u00f1o\u00a0marcar\u00e1 un antes y un despu\u00e9s en tus\u00a0rutinas de belleza\u00a0y limpieza personal. Cada vez querr\u00e1s emplear m\u00e1s tiempo en ellos, ya no solo por sus\u00a0<strong>innumerables beneficios<\/strong>\u00a0si no tambi\u00e9n por el aroma \u00fanico que deleitar\u00e1 tu olfato e incrementar\u00e1 sus incre\u00edbles efectos.<\/li><\/ul><\/div><\/div><\/div><\/div>\n\t\t\t\t\t<\/div>\n\t\t\t\t<\/div>\n\t\t\t\t<\/div>\n\t\t\t\t\t<\/div>\n\t\t<\/div>\n\t\t\t\t\t<\/div>\n\t\t<\/section>\n\t\t\t\t<\/div>\n\t\t","protected":false},"excerpt":{"rendered":"<p>Ba\u00f1o de Sales y Minerales Las sales de ba\u00f1o son substancias inorg\u00e1nicas solubles que suelen a\u00f1adirse al agua del ba\u00f1o.<\/p>\n","protected":false},"author":1,"featured_media":0,"parent":0,"menu_order":0,"comment_status":"closed","ping_status":"closed","template":"","meta":{"footnotes":""},"class_list":["post-9081","page","type-page","status-publish","hentry"],"_links":{"self":[{"href":"https:\/\/selvaplant.com\/index.php\/wp-json\/wp\/v2\/pages\/9081","targetHints":{"allow":["GET"]}}],"collection":[{"href":"https:\/\/selvaplant.com\/index.php\/wp-json\/wp\/v2\/pages"}],"about":[{"href":"https:\/\/selvaplant.com\/index.php\/wp-json\/wp\/v2\/types\/page"}],"author":[{"embeddable":true,"href":"https:\/\/selvaplant.com\/index.php\/wp-json\/wp\/v2\/users\/1"}],"replies":[{"embeddable":true,"href":"https:\/\/selvaplant.com\/index.php\/wp-json\/wp\/v2\/comments?post=9081"}],"version-history":[{"count":13,"href":"https:\/\/selvaplant.com\/index.php\/wp-json\/wp\/v2\/pages\/9081\/revisions"}],"predecessor-version":[{"id":9098,"href":"https:\/\/selvaplant.com\/index.php\/wp-json\/wp\/v2\/pages\/9081\/revisions\/9098"}],"wp:attachment":[{"href":"https:\/\/selvaplant.com\/index.php\/wp-json\/wp\/v2\/media?parent=9081"}],"curies":[{"name":"wp","href":"https:\/\/api.w.org\/{rel}","templated":true}]}}