{"id":9052,"date":"2022-11-03T19:36:07","date_gmt":"2022-11-04T00:36:07","guid":{"rendered":"https:\/\/selvaplant.com\/?page_id=9052"},"modified":"2022-11-03T20:07:56","modified_gmt":"2022-11-04T01:07:56","slug":"rehabilitacion-fisica","status":"publish","type":"page","link":"https:\/\/selvaplant.com\/index.php\/rehabilitacion-fisica\/","title":{"rendered":"Rehabilitaci\u00f3n F\u00edsica"},"content":{"rendered":"\t\t<div data-elementor-type=\"wp-page\" data-elementor-id=\"9052\" class=\"elementor elementor-9052\">\n\t\t\t\t\t\t<section class=\"wd-negative-gap elementor-section elementor-top-section elementor-element elementor-element-3c548bca elementor-reverse-tablet elementor-reverse-mobile elementor-section-boxed elementor-section-height-default elementor-section-height-default wd-section-disabled\" data-id=\"3c548bca\" data-element_type=\"section\">\n\t\t\t\t\t\t<div class=\"elementor-container elementor-column-gap-default\">\n\t\t\t\t\t<div class=\"elementor-column elementor-col-50 elementor-top-column elementor-element elementor-element-1d354ed7\" data-id=\"1d354ed7\" data-element_type=\"column\">\n\t\t\t<div class=\"elementor-widget-wrap elementor-element-populated\">\n\t\t\t\t\t\t<div class=\"elementor-element elementor-element-3b8f1c6 elementor-widget elementor-widget-wd_image_or_svg\" data-id=\"3b8f1c6\" data-element_type=\"widget\" data-widget_type=\"wd_image_or_svg.default\">\n\t\t\t\t<div class=\"elementor-widget-container\">\n\t\t\t\n\t\t<div class=\"wd-image text-left\">\n\t\t\t\t\t\t\t\t<img fetchpriority=\"high\" decoding=\"async\" width=\"1500\" height=\"1000\" src=\"https:\/\/selvaplant.com\/wp-content\/themes\/selvaplant\/images\/lazy.png\" class=\"attachment-full size-full wp-image-9074 wd-lazy-load wd-lazy-fade\" alt=\"\" srcset=\"\" sizes=\"(max-width: 1500px) 100vw, 1500px\" data-wood-src=\"https:\/\/selvaplant.com\/wp-content\/uploads\/2022\/11\/Slider-rehabilitacion-fisica-1.jpg\" data-srcset=\"https:\/\/selvaplant.com\/wp-content\/uploads\/2022\/11\/Slider-rehabilitacion-fisica-1.jpg 1500w, https:\/\/selvaplant.com\/wp-content\/uploads\/2022\/11\/Slider-rehabilitacion-fisica-1-400x267.jpg 400w, https:\/\/selvaplant.com\/wp-content\/uploads\/2022\/11\/Slider-rehabilitacion-fisica-1-1200x800.jpg 1200w, https:\/\/selvaplant.com\/wp-content\/uploads\/2022\/11\/Slider-rehabilitacion-fisica-1-768x512.jpg 768w, https:\/\/selvaplant.com\/wp-content\/uploads\/2022\/11\/Slider-rehabilitacion-fisica-1-860x573.jpg 860w, https:\/\/selvaplant.com\/wp-content\/uploads\/2022\/11\/Slider-rehabilitacion-fisica-1-430x287.jpg 430w, https:\/\/selvaplant.com\/wp-content\/uploads\/2022\/11\/Slider-rehabilitacion-fisica-1-700x467.jpg 700w, https:\/\/selvaplant.com\/wp-content\/uploads\/2022\/11\/Slider-rehabilitacion-fisica-1-150x100.jpg 150w\" \/>\t\t\t\t\t<\/div>\n\n\t\t\t\t<\/div>\n\t\t\t\t<\/div>\n\t\t\t\t\t<\/div>\n\t\t<\/div>\n\t\t\t\t<div class=\"elementor-column elementor-col-50 elementor-top-column elementor-element elementor-element-7a9daa7\" data-id=\"7a9daa7\" data-element_type=\"column\">\n\t\t\t<div class=\"elementor-widget-wrap elementor-element-populated\">\n\t\t\t\t\t\t<div class=\"elementor-element elementor-element-18566191 elementor-widget elementor-widget-wd_title\" data-id=\"18566191\" data-element_type=\"widget\" data-widget_type=\"wd_title.default\">\n\t\t\t\t<div class=\"elementor-widget-container\">\n\t\t\t\t\t<div class=\"title-wrapper set-mb-s reset-last-child wd-title-color-primary wd-title-style-default wd-title-size-large text-left\">\n\n\t\t\t\n\t\t\t<div class=\"liner-continer\">\n\t\t\t\t<h4 class=\"woodmart-title-container title wd-fontsize-xxl\">Rehabilitaci\u00f3n F\u00edsica<\/h4> \n\t\t\t\t\t\t\t<\/div>\n\n\t\t\t\t\t<\/div>\n\t\t\t\t<\/div>\n\t\t\t\t<\/div>\n\t\t\t\t<div class=\"elementor-element elementor-element-cf34ae6 elementor-widget elementor-widget-wd_text_block\" data-id=\"cf34ae6\" data-element_type=\"widget\" data-widget_type=\"wd_text_block.default\">\n\t\t\t\t<div class=\"elementor-widget-container\">\n\t\t\t\t\t<div class=\"wd-text-block reset-last-child text-left\">\n\t\t\t\n\t\t\t<p>La rehabilitaci\u00f3n f\u00edsica se requiere para ayuda a recuperar, mejorar o mantener sus capacidades f\u00edsicas que le permitan llevar una vida cotidiana en completa normalidad.<\/p><p>Existen algunas lesiones o enfermedades que requieren rehabilitaci\u00f3n f\u00edsica. Durante este proceso el paciente trabaja con un especialista que lo ayuda a recuperar, mejorar o mantener sus capacidades f\u00edsicas que le permitan llevar una vida cotidiana en completa normalidad.<\/p>\n\t\t\t\t\t<\/div>\n\t\t\t\t<\/div>\n\t\t\t\t<\/div>\n\t\t\t\t\t<\/div>\n\t\t<\/div>\n\t\t\t\t\t<\/div>\n\t\t<\/section>\n\t\t\t\t<section class=\"wd-negative-gap elementor-section elementor-top-section elementor-element elementor-element-6e29a5b elementor-section-boxed elementor-section-height-default elementor-section-height-default wd-section-disabled\" data-id=\"6e29a5b\" data-element_type=\"section\">\n\t\t\t\t\t\t<div class=\"elementor-container elementor-column-gap-default\">\n\t\t\t\t\t<div class=\"elementor-column elementor-col-100 elementor-top-column elementor-element elementor-element-aaf8e5a\" data-id=\"aaf8e5a\" data-element_type=\"column\">\n\t\t\t<div class=\"elementor-widget-wrap elementor-element-populated\">\n\t\t\t\t\t\t<div class=\"elementor-element elementor-element-466aa85 elementor-widget elementor-widget-wd_text_block\" data-id=\"466aa85\" data-element_type=\"widget\" data-widget_type=\"wd_text_block.default\">\n\t\t\t\t<div class=\"elementor-widget-container\">\n\t\t\t\t\t<div class=\"wd-text-block reset-last-child text-left\">\n\t\t\t\n\t\t\t<h2 style=\"text-align: left;\"><b>\u00bfCu\u00e1ndo se requiere una rehabilitaci\u00f3n f\u00edsica?<\/b><\/h2><p style=\"text-align: left;\">Los m\u00e9dicos son los primeros en recomendar rehabilitaci\u00f3n f\u00edsica si el paciente ha perdido alguna de sus capacidades que le impida su normal movilidad. Algunos casos m\u00e1s comunes son:<\/p><ul><li>Lesiones causadas por traumas.<\/li><li>Amputaciones.<\/li><li>Huesos rotos.<\/li><li>Quemaduras.<\/li><li>Lesiones en la m\u00e9dula espinal.<\/li><li>Lesi\u00f3n cerebral.<\/li><li>Cirug\u00eda mayor.<\/li><li>Enfermedades pulmonares cr\u00f3nicas.<\/li><li>Lesiones deportivas.<\/li><li>Fatiga y estr\u00e9s cr\u00f3nico.<\/li><li>Trastornos del desarrollo.<\/li><li>Artritis.<\/li><li>Parkinson<\/li><li>T\u00fanel carpiano.<\/li><li>Escoliosis.<\/li><li>Dolor cr\u00f3nico, normalmente con dolencias en espalda y cuello.<\/li><\/ul><h2><b>\u00bfPo<\/b><b>r qu\u00e9 es importante realizar una rehabilitaci\u00f3n f\u00edsica?<\/b><\/h2><p>Realizar una rehabilitaci\u00f3n f\u00edsica permite ayudar al paciente a recuperar su independencia y la capacidad de movilizarse por cuenta propia. Con la asistencia m\u00e9dica apropiada puede retomar una rutina diaria que le permita sentirse \u00fatil y motivado.<\/p><p>Cada persona tiene un proceso de recuperaci\u00f3n diferente, por lo que un especialista debe adecuar metas espec\u00edficas que lo ayuden a ver progresivamente un avance.<\/p><h2>Los beneficios de la rehabilitaci\u00f3n<\/h2><p>La rehabilitaci\u00f3n puede reducir los efectos de multitud de problemas de salud, como enfermedades (agudas o cr\u00f3nicas), afecciones, lesiones o traumatismos. Asimismo, puede complementar otras intervenciones sanitarias, como las m\u00e9dicas o quir\u00fargicas, y contribuye a conseguir el mejor resultado posible. As\u00ed, por ejemplo, la rehabilitaci\u00f3n puede contribuir a reducir, gestionar o evitar las complicaciones de muchos problemas de salud, como las lesiones medulares, los accidentes cerebrovasculares o las fracturas.<\/p><p>Tambi\u00e9n contribuye a reducir al m\u00ednimo o frenar los efectos discapacitantes de enfermedades cr\u00f3nicas como las enfermedades cardiovasculares, el c\u00e1ncer y la diabetes, dotando a los pacientes de estrategias de autogesti\u00f3n y de las ayudas t\u00e9cnicas que precisen, o manejando el dolor u otras complicaciones.<\/p><p>La rehabilitaci\u00f3n es una inversi\u00f3n que aporta beneficios en t\u00e9rminos de costos tanto a quien la precisa como a la sociedad en conjunto. Puede ayudar a evitar hospitalizaciones costosas, reducir la duraci\u00f3n de estas y evitar los reingresos. Asimismo, hace posible que quienes la reciben puedan participar en actividades educativas y tener un empleo remunerado, llevar una vida independiente en su casa y reducir al m\u00ednimo la necesidad de recibir apoyo financiero o de que otra persona se ocupe de cuidarlas.<\/p><p>La rehabilitaci\u00f3n es un componente importante de la cobertura sanitaria universal y una estrategia fundamental para lograr el Objetivo de Desarrollo Sostenible 3 (\u00abGarantizar una vida sana y promover el bienestar de todos a todas las edades\u00bb).<\/p><h2><b>Programa de rehabilitaci\u00f3n<\/b><\/h2><p>Los programas de rehabilitaci\u00f3n son un conjunto de actividades que pueden realizarse dentro del centro m\u00e9dico para ayudar tanto f\u00edsica como emocionalmente al paciente. Algunos de los que pueden incluirse son:<\/p><ol><li><b>Aparatos de asistencia:<\/b>\u00a0son los equipos que se utilizan para ayudar a las personas con discapacidad para que puedan movilizarse por voluntad propia.<\/li><li><b>Consejer\u00eda de salud mental:<\/b>\u00a0cuando existen depresi\u00f3n, ansiedad, o estr\u00e9s, se puede dificultar el avance durante la rehabilitaci\u00f3n y la persona requiere de una asesor\u00eda psicol\u00f3gica.<\/li><li><b>Terapia f\u00edsica:<\/b>\u00a0permite ayudar a los pacientes con la movilidad, la fuerza y su condici\u00f3n f\u00edsica en general. Funciona principalmente para la motricidad gruesa.<\/li><li><b>Terapia ocupacional:<\/b>\u00a0ayuda a los pacientes que tienen dificultades para realizar actividades cotidianas como vestirse, tomar objetos con las manos, etc.<\/li><li><b>Nutricionista:<\/b>\u00a0tener asistencia de un nutricionista le permite al paciente que se encuentra en proceso de rehabilitaci\u00f3n mejorar su condici\u00f3n f\u00edsica y ayuda durante la recuperaci\u00f3n.<\/li><li><b>Tratamiento para el dolor:<\/b>\u00a0muchos de los pacientes que requieren rehabilitaci\u00f3n tienen dolores en el \u00e1rea lesionada y por ello requieren asesor\u00eda para disminuir el malestar.<\/li><\/ol><p><b><i>Dato:<\/i><\/b><a href=\"https:\/\/www.who.int\/es\/news-room\/fact-sheets\/detail\/rehabilitation\">\u00a0<i>Seg\u00fan la OMS<\/i><\/a><i>, a nivel mundial se estima que 2.400 millones de personas tienen afecciones de salud que pueden mejorar con rehabilitaci\u00f3n.<\/i><\/p>\n\t\t\t\t\t<\/div>\n\t\t\t\t<\/div>\n\t\t\t\t<\/div>\n\t\t\t\t\t<\/div>\n\t\t<\/div>\n\t\t\t\t\t<\/div>\n\t\t<\/section>\n\t\t\t\t<\/div>\n\t\t","protected":false},"excerpt":{"rendered":"<p>Rehabilitaci\u00f3n F\u00edsica La rehabilitaci\u00f3n f\u00edsica se requiere para ayuda a recuperar, mejorar o mantener sus capacidades f\u00edsicas que le permitan<\/p>\n","protected":false},"author":1,"featured_media":0,"parent":0,"menu_order":0,"comment_status":"closed","ping_status":"closed","template":"","meta":{"footnotes":""},"class_list":["post-9052","page","type-page","status-publish","hentry"],"_links":{"self":[{"href":"https:\/\/selvaplant.com\/index.php\/wp-json\/wp\/v2\/pages\/9052","targetHints":{"allow":["GET"]}}],"collection":[{"href":"https:\/\/selvaplant.com\/index.php\/wp-json\/wp\/v2\/pages"}],"about":[{"href":"https:\/\/selvaplant.com\/index.php\/wp-json\/wp\/v2\/types\/page"}],"author":[{"embeddable":true,"href":"https:\/\/selvaplant.com\/index.php\/wp-json\/wp\/v2\/users\/1"}],"replies":[{"embeddable":true,"href":"https:\/\/selvaplant.com\/index.php\/wp-json\/wp\/v2\/comments?post=9052"}],"version-history":[{"count":22,"href":"https:\/\/selvaplant.com\/index.php\/wp-json\/wp\/v2\/pages\/9052\/revisions"}],"predecessor-version":[{"id":9077,"href":"https:\/\/selvaplant.com\/index.php\/wp-json\/wp\/v2\/pages\/9052\/revisions\/9077"}],"wp:attachment":[{"href":"https:\/\/selvaplant.com\/index.php\/wp-json\/wp\/v2\/media?parent=9052"}],"curies":[{"name":"wp","href":"https:\/\/api.w.org\/{rel}","templated":true}]}}